{"id":2985,"date":"2024-12-10T15:17:17","date_gmt":"2024-12-10T15:17:17","guid":{"rendered":"https:\/\/pulsation.aponiawebsolutions.ca\/a-propos\/"},"modified":"2025-09-05T19:42:51","modified_gmt":"2025-09-05T19:42:51","slug":"a-propos","status":"publish","type":"page","link":"https:\/\/productionpulsation.com\/fr\/a-propos\/","title":{"rendered":"\u00c0 propos"},"content":{"rendered":"\t\t<div data-elementor-type=\"wp-page\" data-elementor-id=\"2985\" class=\"elementor elementor-2985 elementor-831\" data-elementor-post-type=\"page\">\n\t\t\t\t<div class=\"elementor-element elementor-element-cae5425 e-flex e-con-boxed e-con e-parent\" data-id=\"cae5425\" data-element_type=\"container\" data-settings=\"{&quot;background_background&quot;:&quot;classic&quot;}\">\n\t\t\t\t\t<div class=\"e-con-inner\">\n\t\t<div class=\"elementor-element elementor-element-8fa675d e-con-full e-flex e-con e-child\" data-id=\"8fa675d\" data-element_type=\"container\">\n\t\t\t\t<div class=\"elementor-element elementor-element-5554b44 elementor-widget elementor-widget-heading\" data-id=\"5554b44\" data-element_type=\"widget\" data-widget_type=\"heading.default\">\n\t\t\t\t<div class=\"elementor-widget-container\">\n\t\t\t\t\t<h5 class=\"elementor-heading-title elementor-size-default\">\u00c0 propos<\/h5>\t\t\t\t<\/div>\n\t\t\t\t<\/div>\n\t\t\t\t<div class=\"elementor-element elementor-element-29e09ba elementor-widget elementor-widget-heading\" data-id=\"29e09ba\" data-element_type=\"widget\" data-widget_type=\"heading.default\">\n\t\t\t\t<div class=\"elementor-widget-container\">\n\t\t\t\t\t<h1 class=\"elementor-heading-title elementor-size-default\">D\u00e9couvrez la pulsation de nos tambours<\/h1>\t\t\t\t<\/div>\n\t\t\t\t<\/div>\n\t\t\t\t<\/div>\n\t\t\t\t\t<\/div>\n\t\t\t\t<\/div>\n\t\t<div class=\"elementor-element elementor-element-ec58983 e-flex e-con-boxed e-con e-parent\" data-id=\"ec58983\" data-element_type=\"container\" data-settings=\"{&quot;background_background&quot;:&quot;classic&quot;}\">\n\t\t\t\t\t<div class=\"e-con-inner\">\n\t\t<div class=\"elementor-element elementor-element-c16c43c e-con-full e-flex e-con e-child\" data-id=\"c16c43c\" data-element_type=\"container\">\n\t\t<div class=\"elementor-element elementor-element-f369dce e-con-full e-flex e-con e-child\" data-id=\"f369dce\" data-element_type=\"container\">\n\t\t\t\t<div class=\"elementor-element elementor-element-ec2351a elementor-widget elementor-widget-heading\" data-id=\"ec2351a\" data-element_type=\"widget\" data-widget_type=\"heading.default\">\n\t\t\t\t<div class=\"elementor-widget-container\">\n\t\t\t\t\t<h3 class=\"elementor-heading-title elementor-size-default\">DERRI\u00c8RE LA PULSATION: LES FONDATEURS<\/h3>\t\t\t\t<\/div>\n\t\t\t\t<\/div>\n\t\t\t\t<div class=\"elementor-element elementor-element-29096ff elementor-widget elementor-widget-text-editor\" data-id=\"29096ff\" data-element_type=\"widget\" data-widget_type=\"text-editor.default\">\n\t\t\t\t<div class=\"elementor-widget-container\">\n\t\t\t\t\t\t\t\t\t<p data-start=\"98\" data-end=\"283\"><strong data-start=\"98\" data-end=\"281\">Pulsation Production est n\u00e9e de la vision commune de Christian Jamal et Dany Lemire.<br data-start=\"171\" data-end=\"174\" \/>Ensemble, ils cr\u00e9ent un univers o\u00f9 musique, lumi\u00e8re et mouvement fusionnent en une pulsation inoubliable.<\/strong><\/p>\n<p><\/p>\n<p data-start=\"285\" data-end=\"568\">Ancr\u00e9s dans l\u2019\u00e9nergie du street drumming, la pr\u00e9cision du drumcorps et la th\u00e9\u00e2tralit\u00e9 des grands spectacles internationaux, leur travail s\u2019inspire de la puissance visuelle du Blue Man Group, de l\u2019innovation du Cirque du Soleil et de l\u2019\u00e9lan irr\u00e9sistible de la culture EDM mondiale.<\/p>\n<p><\/p>\n<p data-start=\"570\" data-end=\"1006\">Des galas corporatifs aux grandes sc\u00e8nes de festivals, jusqu\u2019aux \u00e9v\u00e9nements priv\u00e9s les plus intimistes, ils ont illumin\u00e9 12 pays et captiv\u00e9 des publics de tous \u00e2ges et horizons. Qu\u2019il s\u2019agisse de la puissance synchronis\u00e9e de leurs batteurs LED, du chaos vibrant de leurs prestations d\u00e9ambulatoires ou de productions sur mesure cr\u00e9\u00e9es pour des marques, chaque spectacle est livr\u00e9 avec le m\u00eame engagement in\u00e9branlable vers l\u2019excellence.<\/p>\n<p><\/p>\n<p data-start=\"1008\" data-end=\"1265\">Pour Christian et Dany, il ne s\u2019agit pas seulement de performance : c\u2019est un battement de c\u0153ur partag\u00e9 avec la foule, une histoire racont\u00e9e \u00e0 travers le rythme et la lumi\u00e8re, et un souvenir que les invit\u00e9s garderont bien apr\u00e8s le dernier coup de baguette.<\/p>\n<p><\/p>\n<p data-start=\"1267\" data-end=\"1341\"><strong data-start=\"1267\" data-end=\"1339\">Faites battre la pulsation \u00e0 votre \u00e9v\u00e9nement. Rendons-le l\u00e9gendaire.<\/strong><\/p>\n\t\t\t\t\t\t\t\t<\/div>\n\t\t\t\t<\/div>\n\t\t\t\t<\/div>\n\t\t<div class=\"elementor-element elementor-element-64e406c e-con-full e-flex e-con e-child\" data-id=\"64e406c\" data-element_type=\"container\">\n\t\t\t\t<div class=\"elementor-element elementor-element-39057fa elementor-widget elementor-widget-image\" data-id=\"39057fa\" data-element_type=\"widget\" data-widget_type=\"image.default\">\n\t\t\t\t<div class=\"elementor-widget-container\">\n\t\t\t\t\t\t\t\t\t\t\t\t\t\t\t<img fetchpriority=\"high\" decoding=\"async\" width=\"768\" height=\"432\" src=\"https:\/\/productionpulsation.com\/wp-content\/uploads\/2025\/08\/DjDrum_FestivalHarmonies_01-768x432.jpg\" class=\"attachment-medium_large size-medium_large wp-image-2500\" alt=\"\" srcset=\"https:\/\/productionpulsation.com\/wp-content\/uploads\/2025\/08\/DjDrum_FestivalHarmonies_01-768x432.jpg 768w, https:\/\/productionpulsation.com\/wp-content\/uploads\/2025\/08\/DjDrum_FestivalHarmonies_01-300x169.jpg 300w, https:\/\/productionpulsation.com\/wp-content\/uploads\/2025\/08\/DjDrum_FestivalHarmonies_01-1024x576.jpg 1024w, https:\/\/productionpulsation.com\/wp-content\/uploads\/2025\/08\/DjDrum_FestivalHarmonies_01-1536x864.jpg 1536w, https:\/\/productionpulsation.com\/wp-content\/uploads\/2025\/08\/DjDrum_FestivalHarmonies_01-2048x1152.jpg 2048w\" sizes=\"(max-width: 768px) 100vw, 768px\" \/>\t\t\t\t\t\t\t\t\t\t\t\t\t\t\t<\/div>\n\t\t\t\t<\/div>\n\t\t\t\t<\/div>\n\t\t\t\t<\/div>\n\t\t<div class=\"elementor-element elementor-element-bdce2ea e-con-full e-flex e-con e-child\" data-id=\"bdce2ea\" data-element_type=\"container\">\n\t\t<div class=\"elementor-element elementor-element-e72ca1e e-con-full e-flex e-con e-child\" data-id=\"e72ca1e\" data-element_type=\"container\">\n\t\t\t\t<div class=\"elementor-element elementor-element-25e3642 elementor-widget elementor-widget-image\" data-id=\"25e3642\" data-element_type=\"widget\" data-widget_type=\"image.default\">\n\t\t\t\t<div class=\"elementor-widget-container\">\n\t\t\t\t\t\t\t\t\t\t\t\t\t\t\t<img decoding=\"async\" width=\"800\" height=\"402\" src=\"https:\/\/productionpulsation.com\/wp-content\/uploads\/2025\/08\/AdobeStock_418528804-1024x514.jpeg\" class=\"attachment-large size-large wp-image-2512\" alt=\"\" srcset=\"https:\/\/productionpulsation.com\/wp-content\/uploads\/2025\/08\/AdobeStock_418528804-1024x514.jpeg 1024w, https:\/\/productionpulsation.com\/wp-content\/uploads\/2025\/08\/AdobeStock_418528804-300x151.jpeg 300w, https:\/\/productionpulsation.com\/wp-content\/uploads\/2025\/08\/AdobeStock_418528804-768x386.jpeg 768w, https:\/\/productionpulsation.com\/wp-content\/uploads\/2025\/08\/AdobeStock_418528804-1536x772.jpeg 1536w, https:\/\/productionpulsation.com\/wp-content\/uploads\/2025\/08\/AdobeStock_418528804-2048x1029.jpeg 2048w\" sizes=\"(max-width: 800px) 100vw, 800px\" \/>\t\t\t\t\t\t\t\t\t\t\t\t\t\t\t<\/div>\n\t\t\t\t<\/div>\n\t\t\t\t<\/div>\n\t\t<div class=\"elementor-element elementor-element-bf2dc95 e-con-full e-flex e-con e-child\" data-id=\"bf2dc95\" data-element_type=\"container\">\n\t\t\t\t<div class=\"elementor-element elementor-element-c68fe18 elementor-widget elementor-widget-heading\" data-id=\"c68fe18\" data-element_type=\"widget\" data-widget_type=\"heading.default\">\n\t\t\t\t<div class=\"elementor-widget-container\">\n\t\t\t\t\t<h3 class=\"elementor-heading-title elementor-size-default\">NOTRE MISSION, NOTRE VISION<\/h3>\t\t\t\t<\/div>\n\t\t\t\t<\/div>\n\t\t\t\t<div class=\"elementor-element elementor-element-d7fe6d5 elementor-widget elementor-widget-text-editor\" data-id=\"d7fe6d5\" data-element_type=\"widget\" data-widget_type=\"text-editor.default\">\n\t\t\t\t<div class=\"elementor-widget-container\">\n\t\t\t\t\t\t\t\t\t<p data-start=\"163\" data-end=\"186\">Notre mission<\/p>\n<p><\/p>\n<p data-start=\"187\" data-end=\"437\">Faire vibrer chaque \u00e9v\u00e9nement avec une \u00e9nergie inoubliable.<br data-start=\"246\" data-end=\"249\" \/>\u00c0 travers le rythme, la lumi\u00e8re et la connexion humaine, nous cr\u00e9ons des shows qui marquent les esprits, inspirent les foules et transforment un simple moment en souvenir grav\u00e9 \u00e0 jamais.<\/p>\n<p><\/p>\n<p data-start=\"439\" data-end=\"461\">Notre vision<\/p>\n<p><\/p>\n<p data-start=\"439\" data-end=\"461\">R\u00e9inventer l\u2019art du spectacle percussif en fusionnant cr\u00e9ativit\u00e9 et technologie.<br data-start=\"542\" data-end=\"545\" \/>Toujours en qu\u00eate d\u2019innovation, nous repoussons les limites de la sc\u00e8ne pour partager notre pulsation avec le monde entier.<\/p>\n\t\t\t\t\t\t\t\t<\/div>\n\t\t\t\t<\/div>\n\t\t\t\t<\/div>\n\t\t\t\t<\/div>\n\t\t<div class=\"elementor-element elementor-element-9a39b93 e-con-full e-flex e-con e-child\" data-id=\"9a39b93\" data-element_type=\"container\">\n\t\t<div class=\"elementor-element elementor-element-4c44d6e e-con-full e-flex e-con e-child\" data-id=\"4c44d6e\" data-element_type=\"container\">\n\t\t\t\t<div class=\"elementor-element elementor-element-35347f7 elementor-widget elementor-widget-heading\" data-id=\"35347f7\" data-element_type=\"widget\" data-widget_type=\"heading.default\">\n\t\t\t\t<div class=\"elementor-widget-container\">\n\t\t\t\t\t<h3 class=\"elementor-heading-title elementor-size-default\">D\u00c9PASSER LES ATTENTES \u00c0 CHAQUE BATTEMENT<\/h3>\t\t\t\t<\/div>\n\t\t\t\t<\/div>\n\t\t\t\t<div class=\"elementor-element elementor-element-c20bb37 elementor-widget elementor-widget-text-editor\" data-id=\"c20bb37\" data-element_type=\"widget\" data-widget_type=\"text-editor.default\">\n\t\t\t\t<div class=\"elementor-widget-container\">\n\t\t\t\t\t\t\t\t\t<p data-start=\"99\" data-end=\"280\">Chez Pulsation Production, un spectacle n\u2019est jamais \u201cjuste un show\u201d.<br data-start=\"170\" data-end=\"173\" \/>C\u2019est une exp\u00e9rience con\u00e7ue pour surprendre, \u00e9merveiller et r\u00e9sonner bien au-del\u00e0 du dernier battement.<\/p>\n<p><\/p>\n<p data-start=\"282\" data-end=\"412\">Nous savons que les clients ne font pas qu\u2019engager des artistes : ils nous confient leur r\u00e9putation, leur public et leur marque.<\/p>\n<p><\/p>\n<p data-start=\"414\" data-end=\"791\">C\u2019est pourquoi nous allons au-del\u00e0 d\u2019une ex\u00e9cution parfaite et de visuels \u00e9blouissants. Chaque performance est adapt\u00e9e \u00e0 l\u2019esprit de votre \u00e9v\u00e9nement, ajust\u00e9e \u00e0 votre audience et pens\u00e9e pour que chaque d\u00e9tail soutienne votre vision. De la conception \u00e0 la r\u00e9alisation, nous allions la fiabilit\u00e9 de professionnels aguerris \u00e0 la cr\u00e9ativit\u00e9 d\u2019artistes passionn\u00e9s par l\u2019innovation.<\/p>\n<p><\/p>\n<p data-start=\"793\" data-end=\"905\">Le r\u00e9sultat ? Des \u00e9v\u00e9nements qui non seulement r\u00e9pondent aux attentes, mais les d\u00e9passent, \u00e0 chaque fois.<\/p>\n\t\t\t\t\t\t\t\t<\/div>\n\t\t\t\t<\/div>\n\t\t\t\t<\/div>\n\t\t<div class=\"elementor-element elementor-element-ff03071 e-con-full e-flex e-con e-child\" data-id=\"ff03071\" data-element_type=\"container\">\n\t\t\t\t<div class=\"elementor-element elementor-element-c6dccb4 elementor-widget elementor-widget-image\" data-id=\"c6dccb4\" data-element_type=\"widget\" data-widget_type=\"image.default\">\n\t\t\t\t<div class=\"elementor-widget-container\">\n\t\t\t\t\t\t\t\t\t\t\t\t\t\t\t<img decoding=\"async\" width=\"644\" height=\"455\" src=\"https:\/\/productionpulsation.com\/wp-content\/uploads\/2024\/12\/about-img3.jpg\" class=\"attachment-medium_large size-medium_large wp-image-1362\" alt=\"\" srcset=\"https:\/\/productionpulsation.com\/wp-content\/uploads\/2024\/12\/about-img3.jpg 644w, https:\/\/productionpulsation.com\/wp-content\/uploads\/2024\/12\/about-img3-300x212.jpg 300w\" sizes=\"(max-width: 644px) 100vw, 644px\" \/>\t\t\t\t\t\t\t\t\t\t\t\t\t\t\t<\/div>\n\t\t\t\t<\/div>\n\t\t\t\t<\/div>\n\t\t\t\t<\/div>\n\t\t\t\t\t<\/div>\n\t\t\t\t<\/div>\n\t\t<div class=\"elementor-element elementor-element-9b84857 e-flex e-con-boxed e-con e-parent\" data-id=\"9b84857\" data-element_type=\"container\" data-settings=\"{&quot;background_background&quot;:&quot;classic&quot;}\">\n\t\t\t\t\t<div class=\"e-con-inner\">\n\t\t<div class=\"elementor-element elementor-element-987e4af e-con-full e-flex e-con e-child\" data-id=\"987e4af\" data-element_type=\"container\">\n\t\t\t\t<div class=\"elementor-element elementor-element-4565788 elementor-widget__width-initial elementor-widget-tablet__width-inherit elementor-widget-mobile__width-inherit elementor-widget elementor-widget-heading\" data-id=\"4565788\" data-element_type=\"widget\" data-widget_type=\"heading.default\">\n\t\t\t\t<div class=\"elementor-widget-container\">\n\t\t\t\t\t<h2 class=\"elementor-heading-title elementor-size-default\">Chaque rythme compte : Notre impact en <span>chiffres<\/span><\/h2>\t\t\t\t<\/div>\n\t\t\t\t<\/div>\n\t\t<div class=\"elementor-element elementor-element-852afcb e-con-full e-grid e-con e-child\" data-id=\"852afcb\" data-element_type=\"container\">\n\t\t\t\t<div class=\"elementor-element elementor-element-2935a3d elementor-widget elementor-widget-counter\" data-id=\"2935a3d\" data-element_type=\"widget\" data-widget_type=\"counter.default\">\n\t\t\t\t<div class=\"elementor-widget-container\">\n\t\t\t\t\t\t\t<div class=\"elementor-counter\">\n\t\t\t<div class=\"elementor-counter-title\"><span>Heures<\/span> de performance live \u00e0 cr\u00e9er des moments inoubliables sur sc\u00e8ne<\/div>\t\t\t<div class=\"elementor-counter-number-wrapper\">\n\t\t\t\t<span class=\"elementor-counter-number-prefix\"><\/span>\n\t\t\t\t<span class=\"elementor-counter-number\" data-duration=\"2000\" data-to-value=\"5000\" data-from-value=\"0\" data-delimiter=\",\">0<\/span>\n\t\t\t\t<span class=\"elementor-counter-number-suffix\">+<\/span>\n\t\t\t<\/div>\n\t\t<\/div>\n\t\t\t\t\t\t<\/div>\n\t\t\t\t<\/div>\n\t\t\t\t<div class=\"elementor-element elementor-element-133d037 elementor-widget elementor-widget-counter\" data-id=\"133d037\" data-element_type=\"widget\" data-widget_type=\"counter.default\">\n\t\t\t\t<div class=\"elementor-widget-container\">\n\t\t\t\t\t\t\t<div class=\"elementor-counter\">\n\t\t\t<div class=\"elementor-counter-title\"><span>Sourires cr\u00e9\u00e9s<\/span> et invit\u00e9s transport\u00e9s par le rythme et la lumi\u00e8re<\/div>\t\t\t<div class=\"elementor-counter-number-wrapper\">\n\t\t\t\t<span class=\"elementor-counter-number-prefix\"><\/span>\n\t\t\t\t<span class=\"elementor-counter-number\" data-duration=\"2000\" data-to-value=\"99999\" data-from-value=\"0\" data-delimiter=\",\">0<\/span>\n\t\t\t\t<span class=\"elementor-counter-number-suffix\">+<\/span>\n\t\t\t<\/div>\n\t\t<\/div>\n\t\t\t\t\t\t<\/div>\n\t\t\t\t<\/div>\n\t\t\t\t<div class=\"elementor-element elementor-element-a7d8fb3 elementor-widget elementor-widget-counter\" data-id=\"a7d8fb3\" data-element_type=\"widget\" data-widget_type=\"counter.default\">\n\t\t\t\t<div class=\"elementor-widget-container\">\n\t\t\t\t\t\t\t<div class=\"elementor-counter\">\n\t\t\t<div class=\"elementor-counter-title\"><span>Ann\u00e9es<\/span> de spectacles aux quatre coins du globe<\/div>\t\t\t<div class=\"elementor-counter-number-wrapper\">\n\t\t\t\t<span class=\"elementor-counter-number-prefix\"><\/span>\n\t\t\t\t<span class=\"elementor-counter-number\" data-duration=\"2000\" data-to-value=\"15\" data-from-value=\"0\" data-delimiter=\",\">0<\/span>\n\t\t\t\t<span class=\"elementor-counter-number-suffix\">+<\/span>\n\t\t\t<\/div>\n\t\t<\/div>\n\t\t\t\t\t\t<\/div>\n\t\t\t\t<\/div>\n\t\t\t\t<\/div>\n\t\t\t\t<\/div>\n\t\t\t\t\t<\/div>\n\t\t\t\t<\/div>\n\t\t<div class=\"elementor-element elementor-element-2c3983e e-flex e-con-boxed e-con e-parent\" data-id=\"2c3983e\" data-element_type=\"container\" data-settings=\"{&quot;background_background&quot;:&quot;classic&quot;}\">\n\t\t\t\t\t<div class=\"e-con-inner\">\n\t\t<div class=\"elementor-element elementor-element-ce8bf9b e-con-full e-flex e-con e-child\" data-id=\"ce8bf9b\" data-element_type=\"container\" data-settings=\"{&quot;background_background&quot;:&quot;classic&quot;}\">\n\t\t\t\t<div class=\"elementor-element elementor-element-54bd196 elementor-widget elementor-widget-heading\" data-id=\"54bd196\" data-element_type=\"widget\" data-widget_type=\"heading.default\">\n\t\t\t\t<div class=\"elementor-widget-container\">\n\t\t\t\t\t<h2 class=\"elementor-heading-title elementor-size-default\">D\u00e9couvrez les spectacles qui ont \u00e9lectris\u00e9 des foules aux quatre coins du monde.<\/h2>\t\t\t\t<\/div>\n\t\t\t\t<\/div>\n\t\t\t\t<div class=\"elementor-element elementor-element-e32469d elementor-align-center elementor-widget elementor-widget-button\" data-id=\"e32469d\" data-element_type=\"widget\" data-widget_type=\"button.default\">\n\t\t\t\t<div class=\"elementor-widget-container\">\n\t\t\t\t\t\t\t\t\t<div class=\"elementor-button-wrapper\">\n\t\t\t\t\t<a class=\"elementor-button elementor-button-link elementor-size-sm\" href=\"#\">\n\t\t\t\t\t\t<span class=\"elementor-button-content-wrapper\">\n\t\t\t\t\t\t<span class=\"elementor-button-icon\">\n\t\t\t\t<i aria-hidden=\"true\" class=\"fas fa-eye\"><\/i>\t\t\t<\/span>\n\t\t\t\t\t\t\t\t\t<span class=\"elementor-button-text\">Voir le portfolio complet<\/span>\n\t\t\t\t\t<\/span>\n\t\t\t\t\t<\/a>\n\t\t\t\t<\/div>\n\t\t\t\t\t\t\t\t<\/div>\n\t\t\t\t<\/div>\n\t\t\t\t<\/div>\n\t\t\t\t\t<\/div>\n\t\t\t\t<\/div>\n\t\t\t\t<\/div>\n\t\t","protected":false},"excerpt":{"rendered":"<p>\u00c0 propos D\u00e9couvrez la pulsation de nos tambours DERRI\u00c8RE LA PULSATION: LES FONDATEURS Pulsation Production est n\u00e9e de la vision commune de Christian Jamal et Dany Lemire.Ensemble, ils cr\u00e9ent un univers o\u00f9 musique, lumi\u00e8re et mouvement fusionnent en une pulsation inoubliable. Ancr\u00e9s dans l\u2019\u00e9nergie du street drumming, la pr\u00e9cision du drumcorps et la th\u00e9\u00e2tralit\u00e9 des [&hellip;]<\/p>\n","protected":false},"author":1,"featured_media":0,"parent":0,"menu_order":0,"comment_status":"closed","ping_status":"closed","template":"","meta":{"_acf_changed":false,"footnotes":""},"class_list":["post-2985","page","type-page","status-publish","hentry"],"acf":[],"_links":{"self":[{"href":"https:\/\/productionpulsation.com\/fr\/wp-json\/wp\/v2\/pages\/2985","targetHints":{"allow":["GET"]}}],"collection":[{"href":"https:\/\/productionpulsation.com\/fr\/wp-json\/wp\/v2\/pages"}],"about":[{"href":"https:\/\/productionpulsation.com\/fr\/wp-json\/wp\/v2\/types\/page"}],"author":[{"embeddable":true,"href":"https:\/\/productionpulsation.com\/fr\/wp-json\/wp\/v2\/users\/1"}],"replies":[{"embeddable":true,"href":"https:\/\/productionpulsation.com\/fr\/wp-json\/wp\/v2\/comments?post=2985"}],"version-history":[{"count":2,"href":"https:\/\/productionpulsation.com\/fr\/wp-json\/wp\/v2\/pages\/2985\/revisions"}],"predecessor-version":[{"id":3768,"href":"https:\/\/productionpulsation.com\/fr\/wp-json\/wp\/v2\/pages\/2985\/revisions\/3768"}],"wp:attachment":[{"href":"https:\/\/productionpulsation.com\/fr\/wp-json\/wp\/v2\/media?parent=2985"}],"curies":[{"name":"wp","href":"https:\/\/api.w.org\/{rel}","templated":true}]}}