{"id":3048,"date":"2024-12-10T15:17:17","date_gmt":"2024-12-10T15:17:17","guid":{"rendered":"https:\/\/pulsation.aponiawebsolutions.ca\/quienes-somos\/"},"modified":"2025-09-05T19:43:10","modified_gmt":"2025-09-05T19:43:10","slug":"quienes-somos","status":"publish","type":"page","link":"https:\/\/productionpulsation.com\/es\/quienes-somos\/","title":{"rendered":"Qui\u00e9nes Somos"},"content":{"rendered":"\t\t<div data-elementor-type=\"wp-page\" data-elementor-id=\"3048\" class=\"elementor elementor-3048 elementor-831\" data-elementor-post-type=\"page\">\n\t\t\t\t<div class=\"elementor-element elementor-element-cae5425 e-flex e-con-boxed e-con e-parent\" data-id=\"cae5425\" data-element_type=\"container\" data-settings=\"{&quot;background_background&quot;:&quot;classic&quot;}\">\n\t\t\t\t\t<div class=\"e-con-inner\">\n\t\t<div class=\"elementor-element elementor-element-8fa675d e-con-full e-flex e-con e-child\" data-id=\"8fa675d\" data-element_type=\"container\">\n\t\t\t\t<div class=\"elementor-element elementor-element-5554b44 elementor-widget elementor-widget-heading\" data-id=\"5554b44\" data-element_type=\"widget\" data-widget_type=\"heading.default\">\n\t\t\t\t<div class=\"elementor-widget-container\">\n\t\t\t\t\t<h5 class=\"elementor-heading-title elementor-size-default\">Qui\u00e9nes Somos<\/h5>\t\t\t\t<\/div>\n\t\t\t\t<\/div>\n\t\t\t\t<div class=\"elementor-element elementor-element-29e09ba elementor-widget elementor-widget-heading\" data-id=\"29e09ba\" data-element_type=\"widget\" data-widget_type=\"heading.default\">\n\t\t\t\t<div class=\"elementor-widget-container\">\n\t\t\t\t\t<h1 class=\"elementor-heading-title elementor-size-default\">Descubre el Ritmo de Nuestros Tambores<\/h1>\t\t\t\t<\/div>\n\t\t\t\t<\/div>\n\t\t\t\t<\/div>\n\t\t\t\t\t<\/div>\n\t\t\t\t<\/div>\n\t\t<div class=\"elementor-element elementor-element-ec58983 e-flex e-con-boxed e-con e-parent\" data-id=\"ec58983\" data-element_type=\"container\" data-settings=\"{&quot;background_background&quot;:&quot;classic&quot;}\">\n\t\t\t\t\t<div class=\"e-con-inner\">\n\t\t<div class=\"elementor-element elementor-element-c16c43c e-con-full e-flex e-con e-child\" data-id=\"c16c43c\" data-element_type=\"container\">\n\t\t<div class=\"elementor-element elementor-element-f369dce e-con-full e-flex e-con e-child\" data-id=\"f369dce\" data-element_type=\"container\">\n\t\t\t\t<div class=\"elementor-element elementor-element-ec2351a elementor-widget elementor-widget-heading\" data-id=\"ec2351a\" data-element_type=\"widget\" data-widget_type=\"heading.default\">\n\t\t\t\t<div class=\"elementor-widget-container\">\n\t\t\t\t\t<h3 class=\"elementor-heading-title elementor-size-default\">CONOCE A LOS FUNDADORES<\/h3>\t\t\t\t<\/div>\n\t\t\t\t<\/div>\n\t\t\t\t<div class=\"elementor-element elementor-element-29096ff elementor-widget elementor-widget-text-editor\" data-id=\"29096ff\" data-element_type=\"widget\" data-widget_type=\"text-editor.default\">\n\t\t\t\t<div class=\"elementor-widget-container\">\n\t\t\t\t\t\t\t\t\t<p data-start=\"270\" data-end=\"467\">Producci\u00f3n Pulsation naci\u00f3 de la visi\u00f3n compartida de Christian Jamal y Dany Lemire.<br data-start=\"343\" data-end=\"346\" \/>Juntos trabajan para crear un mundo donde la m\u00fasica, la luz y el movimiento se fusionan en un solo pulso inolvidable.<\/p>\n<p><\/p>\n<p data-start=\"469\" data-end=\"746\">Enraizados en la energ\u00eda del street drumming, la precisi\u00f3n del drum corps y la teatralidad de los espect\u00e1culos de clase mundial, su trabajo se inspira en el poder visual de Blue Man Group, la innovaci\u00f3n del Cirque du Soleil y la fuerza imparable de la cultura EDM global.<\/p>\n<p><\/p>\n<p data-start=\"748\" data-end=\"1157\">Desde galas corporativas y escenarios principales de festivales hasta eventos privados \u00edntimos, han iluminado 12 pa\u00edses, cautivando a audiencias de todas las edades y or\u00edgenes. Ya sea con el poder sincronizado de sus drummers LED, el caos vibrante de los actos itinerantes o producciones totalmente personalizadas para marcas, cada show se entrega con el mismo compromiso implacable hacia la excelencia.<\/p>\n<p><\/p>\n<p data-start=\"1159\" data-end=\"1383\">Para Christian y Dany, esto es m\u00e1s que un espect\u00e1culo: es un latido compartido con el p\u00fablico, una historia contada a trav\u00e9s del ritmo y la luz, y un recuerdo que los invitados guardar\u00e1n mucho despu\u00e9s del \u00faltimo golpe.<\/p>\n<p><\/p>\n<p data-start=\"1385\" data-end=\"1448\">Lleva el pulso a tu evento.<br data-start=\"1414\" data-end=\"1417\" \/>Hagamos que sea legendario.<\/p>\n\t\t\t\t\t\t\t\t<\/div>\n\t\t\t\t<\/div>\n\t\t\t\t<\/div>\n\t\t<div class=\"elementor-element elementor-element-64e406c e-con-full e-flex e-con e-child\" data-id=\"64e406c\" data-element_type=\"container\">\n\t\t\t\t<div class=\"elementor-element elementor-element-39057fa elementor-widget elementor-widget-image\" data-id=\"39057fa\" data-element_type=\"widget\" data-widget_type=\"image.default\">\n\t\t\t\t<div class=\"elementor-widget-container\">\n\t\t\t\t\t\t\t\t\t\t\t\t\t\t\t<img fetchpriority=\"high\" decoding=\"async\" width=\"768\" height=\"432\" src=\"https:\/\/productionpulsation.com\/wp-content\/uploads\/2025\/08\/DjDrum_FestivalHarmonies_01-768x432.jpg\" class=\"attachment-medium_large size-medium_large wp-image-2501\" alt=\"\" srcset=\"https:\/\/productionpulsation.com\/wp-content\/uploads\/2025\/08\/DjDrum_FestivalHarmonies_01-768x432.jpg 768w, https:\/\/productionpulsation.com\/wp-content\/uploads\/2025\/08\/DjDrum_FestivalHarmonies_01-300x169.jpg 300w, https:\/\/productionpulsation.com\/wp-content\/uploads\/2025\/08\/DjDrum_FestivalHarmonies_01-1024x576.jpg 1024w, https:\/\/productionpulsation.com\/wp-content\/uploads\/2025\/08\/DjDrum_FestivalHarmonies_01-1536x864.jpg 1536w, https:\/\/productionpulsation.com\/wp-content\/uploads\/2025\/08\/DjDrum_FestivalHarmonies_01-2048x1152.jpg 2048w\" sizes=\"(max-width: 768px) 100vw, 768px\" \/>\t\t\t\t\t\t\t\t\t\t\t\t\t\t\t<\/div>\n\t\t\t\t<\/div>\n\t\t\t\t<\/div>\n\t\t\t\t<\/div>\n\t\t<div class=\"elementor-element elementor-element-bdce2ea e-con-full e-flex e-con e-child\" data-id=\"bdce2ea\" data-element_type=\"container\">\n\t\t<div class=\"elementor-element elementor-element-e72ca1e e-con-full e-flex e-con e-child\" data-id=\"e72ca1e\" data-element_type=\"container\">\n\t\t\t\t<div class=\"elementor-element elementor-element-25e3642 elementor-widget elementor-widget-image\" data-id=\"25e3642\" data-element_type=\"widget\" data-widget_type=\"image.default\">\n\t\t\t\t<div class=\"elementor-widget-container\">\n\t\t\t\t\t\t\t\t\t\t\t\t\t\t\t<img decoding=\"async\" width=\"800\" height=\"402\" src=\"https:\/\/productionpulsation.com\/wp-content\/uploads\/2025\/08\/AdobeStock_418528804-1024x514.jpeg\" class=\"attachment-large size-large wp-image-2513\" alt=\"\" srcset=\"https:\/\/productionpulsation.com\/wp-content\/uploads\/2025\/08\/AdobeStock_418528804-1024x514.jpeg 1024w, https:\/\/productionpulsation.com\/wp-content\/uploads\/2025\/08\/AdobeStock_418528804-300x151.jpeg 300w, https:\/\/productionpulsation.com\/wp-content\/uploads\/2025\/08\/AdobeStock_418528804-768x386.jpeg 768w, https:\/\/productionpulsation.com\/wp-content\/uploads\/2025\/08\/AdobeStock_418528804-1536x772.jpeg 1536w, https:\/\/productionpulsation.com\/wp-content\/uploads\/2025\/08\/AdobeStock_418528804-2048x1029.jpeg 2048w\" sizes=\"(max-width: 800px) 100vw, 800px\" \/>\t\t\t\t\t\t\t\t\t\t\t\t\t\t\t<\/div>\n\t\t\t\t<\/div>\n\t\t\t\t<\/div>\n\t\t<div class=\"elementor-element elementor-element-bf2dc95 e-con-full e-flex e-con e-child\" data-id=\"bf2dc95\" data-element_type=\"container\">\n\t\t\t\t<div class=\"elementor-element elementor-element-c68fe18 elementor-widget elementor-widget-heading\" data-id=\"c68fe18\" data-element_type=\"widget\" data-widget_type=\"heading.default\">\n\t\t\t\t<div class=\"elementor-widget-container\">\n\t\t\t\t\t<h3 class=\"elementor-heading-title elementor-size-default\">NUESTRA MISI\u00d3N Y VISI\u00d3N<\/h3>\t\t\t\t<\/div>\n\t\t\t\t<\/div>\n\t\t\t\t<div class=\"elementor-element elementor-element-d7fe6d5 elementor-widget elementor-widget-text-editor\" data-id=\"d7fe6d5\" data-element_type=\"widget\" data-widget_type=\"text-editor.default\">\n\t\t\t\t<div class=\"elementor-widget-container\">\n\t\t\t\t\t\t\t\t\t<p data-start=\"158\" data-end=\"182\">Nuestra Misi\u00f3n<\/p>\n<p><\/p>\n<p data-start=\"183\" data-end=\"484\">Crear experiencias de entretenimiento en vivo inolvidables que conecten a las personas a trav\u00e9s del ritmo, la luz y la energ\u00eda compartida.<br data-start=\"321\" data-end=\"324\" \/>Nos esforzamos por ofrecer espect\u00e1culos de clase mundial que no solo impresionen, sino que tambi\u00e9n inspiren, convirtiendo cada evento en un recuerdo duradero.<\/p>\n<p><\/p>\n<p data-start=\"486\" data-end=\"510\">Nuestra Visi\u00f3n<\/p>\n<p><\/p>\n<p data-start=\"511\" data-end=\"734\">Superar los l\u00edmites de la percusi\u00f3n en vivo y la tecnolog\u00eda, fusionando arte e innovaci\u00f3n para redefinir lo que es posible en un escenario.<br data-start=\"650\" data-end=\"653\" \/>Nuestro objetivo es llevar nuestro pulso a audiencias en cada rinc\u00f3n del mundo.<\/p>\n\t\t\t\t\t\t\t\t<\/div>\n\t\t\t\t<\/div>\n\t\t\t\t<\/div>\n\t\t\t\t<\/div>\n\t\t<div class=\"elementor-element elementor-element-9a39b93 e-con-full e-flex e-con e-child\" data-id=\"9a39b93\" data-element_type=\"container\">\n\t\t<div class=\"elementor-element elementor-element-4c44d6e e-con-full e-flex e-con e-child\" data-id=\"4c44d6e\" data-element_type=\"container\">\n\t\t\t\t<div class=\"elementor-element elementor-element-35347f7 elementor-widget elementor-widget-heading\" data-id=\"35347f7\" data-element_type=\"widget\" data-widget_type=\"heading.default\">\n\t\t\t\t<div class=\"elementor-widget-container\">\n\t\t\t\t\t<h3 class=\"elementor-heading-title elementor-size-default\">SUPERANDO EXPECTATIVAS EN CADA GOLPE<\/h3>\t\t\t\t<\/div>\n\t\t\t\t<\/div>\n\t\t\t\t<div class=\"elementor-element elementor-element-c20bb37 elementor-widget elementor-widget-text-editor\" data-id=\"c20bb37\" data-element_type=\"widget\" data-widget_type=\"text-editor.default\">\n\t\t\t\t<div class=\"elementor-widget-container\">\n\t\t\t\t\t\t\t\t\t<p data-start=\"174\" data-end=\"467\">En <strong data-start=\"177\" data-end=\"201\">Producci\u00f3n Pulsation<\/strong>, el entretenimiento nunca es \u201csolo un show\u201d.<br data-start=\"246\" data-end=\"249\" \/>Es una experiencia dise\u00f1ada para sorprender, emocionar y dejar huella mucho despu\u00e9s del \u00faltimo golpe.<br data-start=\"350\" data-end=\"353\" \/>Sabemos que los clientes no solo contratan artistas; conf\u00edan en nosotros su reputaci\u00f3n, su audiencia y su marca.<\/p>\n<p><\/p>\n<p data-start=\"469\" data-end=\"837\">Por eso vamos m\u00e1s all\u00e1 de ofrecer percusi\u00f3n impecable y visuales deslumbrantes.<br data-start=\"548\" data-end=\"551\" \/>Personalizamos cada presentaci\u00f3n al esp\u00edritu de tu evento, nos adaptamos a tu p\u00fablico y cuidamos cada detalle para apoyar tu visi\u00f3n.<br data-start=\"683\" data-end=\"686\" \/>Desde el concepto hasta la ejecuci\u00f3n, aportamos la confiabilidad de profesionales experimentados y la creatividad de artistas que viven para innovar.<\/p>\n<p><\/p>\n<p data-start=\"839\" data-end=\"930\">\u00bfEl resultado?<br data-start=\"853\" data-end=\"856\" \/>Eventos que no solo cumplen expectativas, sino que las superan, siempre.<\/p>\n\t\t\t\t\t\t\t\t<\/div>\n\t\t\t\t<\/div>\n\t\t\t\t<\/div>\n\t\t<div class=\"elementor-element elementor-element-ff03071 e-con-full e-flex e-con e-child\" data-id=\"ff03071\" data-element_type=\"container\">\n\t\t\t\t<div class=\"elementor-element elementor-element-c6dccb4 elementor-widget elementor-widget-image\" data-id=\"c6dccb4\" data-element_type=\"widget\" data-widget_type=\"image.default\">\n\t\t\t\t<div class=\"elementor-widget-container\">\n\t\t\t\t\t\t\t\t\t\t\t\t\t\t\t<img decoding=\"async\" width=\"644\" height=\"455\" src=\"https:\/\/productionpulsation.com\/wp-content\/uploads\/2024\/12\/about-img3.jpg\" class=\"attachment-medium_large size-medium_large wp-image-2989\" alt=\"\" srcset=\"https:\/\/productionpulsation.com\/wp-content\/uploads\/2024\/12\/about-img3.jpg 644w, https:\/\/productionpulsation.com\/wp-content\/uploads\/2024\/12\/about-img3-300x212.jpg 300w\" sizes=\"(max-width: 644px) 100vw, 644px\" \/>\t\t\t\t\t\t\t\t\t\t\t\t\t\t\t<\/div>\n\t\t\t\t<\/div>\n\t\t\t\t<\/div>\n\t\t\t\t<\/div>\n\t\t\t\t\t<\/div>\n\t\t\t\t<\/div>\n\t\t<div class=\"elementor-element elementor-element-9b84857 e-flex e-con-boxed e-con e-parent\" data-id=\"9b84857\" data-element_type=\"container\" data-settings=\"{&quot;background_background&quot;:&quot;classic&quot;}\">\n\t\t\t\t\t<div class=\"e-con-inner\">\n\t\t<div class=\"elementor-element elementor-element-987e4af e-con-full e-flex e-con e-child\" data-id=\"987e4af\" data-element_type=\"container\">\n\t\t\t\t<div class=\"elementor-element elementor-element-4565788 elementor-widget__width-initial elementor-widget-tablet__width-inherit elementor-widget-mobile__width-inherit elementor-widget elementor-widget-heading\" data-id=\"4565788\" data-element_type=\"widget\" data-widget_type=\"heading.default\">\n\t\t\t\t<div class=\"elementor-widget-container\">\n\t\t\t\t\t<h2 class=\"elementor-heading-title elementor-size-default\">Cada Golpe Importa: Nuestro Impacto en <span>N\u00fameros<\/span><\/h2>\t\t\t\t<\/div>\n\t\t\t\t<\/div>\n\t\t<div class=\"elementor-element elementor-element-852afcb e-con-full e-grid e-con e-child\" data-id=\"852afcb\" data-element_type=\"container\">\n\t\t\t\t<div class=\"elementor-element elementor-element-2935a3d elementor-widget elementor-widget-counter\" data-id=\"2935a3d\" data-element_type=\"widget\" data-widget_type=\"counter.default\">\n\t\t\t\t<div class=\"elementor-widget-container\">\n\t\t\t\t\t\t\t<div class=\"elementor-counter\">\n\t\t\t<div class=\"elementor-counter-title\"><span>Horas<\/span> de shows en vivo que transforman cada escenario en una experiencia \u00fanica.<\/div>\t\t\t<div class=\"elementor-counter-number-wrapper\">\n\t\t\t\t<span class=\"elementor-counter-number-prefix\"><\/span>\n\t\t\t\t<span class=\"elementor-counter-number\" data-duration=\"2000\" data-to-value=\"5000\" data-from-value=\"0\" data-delimiter=\",\">0<\/span>\n\t\t\t\t<span class=\"elementor-counter-number-suffix\">+<\/span>\n\t\t\t<\/div>\n\t\t<\/div>\n\t\t\t\t\t\t<\/div>\n\t\t\t\t<\/div>\n\t\t\t\t<div class=\"elementor-element elementor-element-133d037 elementor-widget elementor-widget-counter\" data-id=\"133d037\" data-element_type=\"widget\" data-widget_type=\"counter.default\">\n\t\t\t\t<div class=\"elementor-widget-container\">\n\t\t\t\t\t\t\t<div class=\"elementor-counter\">\n\t\t\t<div class=\"elementor-counter-title\"><span>Sonrisas iluminadas<\/span> y p\u00fablicos vibrando con Ritmo y Luz.<\/div>\t\t\t<div class=\"elementor-counter-number-wrapper\">\n\t\t\t\t<span class=\"elementor-counter-number-prefix\"><\/span>\n\t\t\t\t<span class=\"elementor-counter-number\" data-duration=\"2000\" data-to-value=\"99999\" data-from-value=\"0\" data-delimiter=\",\">0<\/span>\n\t\t\t\t<span class=\"elementor-counter-number-suffix\">+<\/span>\n\t\t\t<\/div>\n\t\t<\/div>\n\t\t\t\t\t\t<\/div>\n\t\t\t\t<\/div>\n\t\t\t\t<div class=\"elementor-element elementor-element-a7d8fb3 elementor-widget elementor-widget-counter\" data-id=\"a7d8fb3\" data-element_type=\"widget\" data-widget_type=\"counter.default\">\n\t\t\t\t<div class=\"elementor-widget-container\">\n\t\t\t\t\t\t\t<div class=\"elementor-counter\">\n\t\t\t<div class=\"elementor-counter-title\"><span>A\u00f1os<\/span> de espect\u00e1culos en vivo llevando nuestro ritmo por el mundo.<\/div>\t\t\t<div class=\"elementor-counter-number-wrapper\">\n\t\t\t\t<span class=\"elementor-counter-number-prefix\"><\/span>\n\t\t\t\t<span class=\"elementor-counter-number\" data-duration=\"2000\" data-to-value=\"15\" data-from-value=\"0\" data-delimiter=\",\">0<\/span>\n\t\t\t\t<span class=\"elementor-counter-number-suffix\">+<\/span>\n\t\t\t<\/div>\n\t\t<\/div>\n\t\t\t\t\t\t<\/div>\n\t\t\t\t<\/div>\n\t\t\t\t<\/div>\n\t\t\t\t<\/div>\n\t\t\t\t\t<\/div>\n\t\t\t\t<\/div>\n\t\t<div class=\"elementor-element elementor-element-2c3983e e-flex e-con-boxed e-con e-parent\" data-id=\"2c3983e\" data-element_type=\"container\" data-settings=\"{&quot;background_background&quot;:&quot;classic&quot;}\">\n\t\t\t\t\t<div class=\"e-con-inner\">\n\t\t<div class=\"elementor-element elementor-element-ce8bf9b e-con-full e-flex e-con e-child\" data-id=\"ce8bf9b\" data-element_type=\"container\" data-settings=\"{&quot;background_background&quot;:&quot;classic&quot;}\">\n\t\t\t\t<div class=\"elementor-element elementor-element-54bd196 elementor-widget elementor-widget-heading\" data-id=\"54bd196\" data-element_type=\"widget\" data-widget_type=\"heading.default\">\n\t\t\t\t<div class=\"elementor-widget-container\">\n\t\t\t\t\t<h2 class=\"elementor-heading-title elementor-size-default\">Descubre los espect\u00e1culos que han hecho vibrar a p\u00fablicos de todo el planeta.<\/h2>\t\t\t\t<\/div>\n\t\t\t\t<\/div>\n\t\t\t\t<div class=\"elementor-element elementor-element-e32469d elementor-align-center elementor-widget elementor-widget-button\" data-id=\"e32469d\" data-element_type=\"widget\" data-widget_type=\"button.default\">\n\t\t\t\t<div class=\"elementor-widget-container\">\n\t\t\t\t\t\t\t\t\t<div class=\"elementor-button-wrapper\">\n\t\t\t\t\t<a class=\"elementor-button elementor-button-link elementor-size-sm\" href=\"#\">\n\t\t\t\t\t\t<span class=\"elementor-button-content-wrapper\">\n\t\t\t\t\t\t<span class=\"elementor-button-icon\">\n\t\t\t\t<i aria-hidden=\"true\" class=\"fas fa-eye\"><\/i>\t\t\t<\/span>\n\t\t\t\t\t\t\t\t\t<span class=\"elementor-button-text\">Explora el Portafolio Completo<\/span>\n\t\t\t\t\t<\/span>\n\t\t\t\t\t<\/a>\n\t\t\t\t<\/div>\n\t\t\t\t\t\t\t\t<\/div>\n\t\t\t\t<\/div>\n\t\t\t\t<\/div>\n\t\t\t\t\t<\/div>\n\t\t\t\t<\/div>\n\t\t\t\t<\/div>\n\t\t","protected":false},"excerpt":{"rendered":"<p>Qui\u00e9nes Somos Descubre el Ritmo de Nuestros Tambores CONOCE A LOS FUNDADORES Producci\u00f3n Pulsation naci\u00f3 de la visi\u00f3n compartida de Christian Jamal y Dany Lemire.Juntos trabajan para crear un mundo donde la m\u00fasica, la luz y el movimiento se fusionan en un solo pulso inolvidable. Enraizados en la energ\u00eda del street drumming, la precisi\u00f3n del [&hellip;]<\/p>\n","protected":false},"author":1,"featured_media":0,"parent":0,"menu_order":0,"comment_status":"closed","ping_status":"closed","template":"","meta":{"_acf_changed":false,"footnotes":""},"class_list":["post-3048","page","type-page","status-publish","hentry"],"acf":[],"_links":{"self":[{"href":"https:\/\/productionpulsation.com\/es\/wp-json\/wp\/v2\/pages\/3048","targetHints":{"allow":["GET"]}}],"collection":[{"href":"https:\/\/productionpulsation.com\/es\/wp-json\/wp\/v2\/pages"}],"about":[{"href":"https:\/\/productionpulsation.com\/es\/wp-json\/wp\/v2\/types\/page"}],"author":[{"embeddable":true,"href":"https:\/\/productionpulsation.com\/es\/wp-json\/wp\/v2\/users\/1"}],"replies":[{"embeddable":true,"href":"https:\/\/productionpulsation.com\/es\/wp-json\/wp\/v2\/comments?post=3048"}],"version-history":[{"count":2,"href":"https:\/\/productionpulsation.com\/es\/wp-json\/wp\/v2\/pages\/3048\/revisions"}],"predecessor-version":[{"id":3769,"href":"https:\/\/productionpulsation.com\/es\/wp-json\/wp\/v2\/pages\/3048\/revisions\/3769"}],"wp:attachment":[{"href":"https:\/\/productionpulsation.com\/es\/wp-json\/wp\/v2\/media?parent=3048"}],"curies":[{"name":"wp","href":"https:\/\/api.w.org\/{rel}","templated":true}]}}